{"id":50,"date":"2019-03-18T06:33:58","date_gmt":"2019-03-18T06:33:58","guid":{"rendered":"https:\/\/vrtna-oprema.si\/?page_id=50"},"modified":"2021-11-18T11:18:11","modified_gmt":"2021-11-18T11:18:11","slug":"otroske-hisice","status":"publish","type":"page","link":"https:\/\/vrtna-oprema.si\/?page_id=50","title":{"rendered":"OTRO\u0160KE HI\u0160ICE"},"content":{"rendered":"\n<h1 class=\"wp-block-heading\"><strong>O podjetju krt<\/strong><strong>\u21d2\u21d2<\/strong><\/h1>\n\n\n\n<p><strong>Z izdelavo in monta\u017eo vrtne opreme se ukvarjamo od leta 1999. Res smo majhni, a smo konkuren\u010dni z ceno in kvaliteto.<\/strong><\/p>\n\n\n\n<blockquote class=\"wp-block-quote is-layout-flow wp-block-quote-is-layout-flow\"><p><strong>Imamo pester izbor vrtnih paviljonov, vrtnih hi\u0161ic, kozolcev in ostale vrtne opreme, seveda pa poleg tipskih izdelkov radi prisluhnemo in se prilagodimo va\u0161im \u017eeljam in potreb<\/strong><\/p><p><\/p><cite><br><\/cite><\/blockquote>\n\n\n\n<figure class=\"wp-block-gallery columns-3 is-cropped wp-block-gallery-1 is-layout-flex wp-block-gallery-is-layout-flex\"><ul class=\"blocks-gallery-grid\"><li class=\"blocks-gallery-item\"><figure><img loading=\"lazy\" decoding=\"async\" width=\"1024\" height=\"768\" src=\"https:\/\/vrtna-oprema.si\/wp-content\/uploads\/2021\/02\/vk1.jpg\" alt=\"\" data-id=\"134\" data-full-url=\"https:\/\/vrtna-oprema.si\/wp-content\/uploads\/2021\/02\/vk1.jpg\" data-link=\"https:\/\/vrtna-oprema.si\/?attachment_id=134\" class=\"wp-image-134\" srcset=\"https:\/\/vrtna-oprema.si\/wp-content\/uploads\/2021\/02\/vk1.jpg 1024w, https:\/\/vrtna-oprema.si\/wp-content\/uploads\/2021\/02\/vk1-300x225.jpg 300w, https:\/\/vrtna-oprema.si\/wp-content\/uploads\/2021\/02\/vk1-768x576.jpg 768w, https:\/\/vrtna-oprema.si\/wp-content\/uploads\/2021\/02\/vk1-600x450.jpg 600w\" sizes=\"auto, (max-width: 1024px) 100vw, 1024px\" \/><\/figure><\/li><li class=\"blocks-gallery-item\"><figure><img loading=\"lazy\" decoding=\"async\" width=\"1024\" height=\"768\" src=\"https:\/\/vrtna-oprema.si\/wp-content\/uploads\/2021\/01\/20200620_103209-1024x768.jpg\" alt=\"\" data-id=\"116\" data-full-url=\"https:\/\/vrtna-oprema.si\/wp-content\/uploads\/2021\/01\/20200620_103209-scaled.jpg\" data-link=\"https:\/\/vrtna-oprema.si\/?attachment_id=116\" class=\"wp-image-116\" srcset=\"https:\/\/vrtna-oprema.si\/wp-content\/uploads\/2021\/01\/20200620_103209-1024x768.jpg 1024w, https:\/\/vrtna-oprema.si\/wp-content\/uploads\/2021\/01\/20200620_103209-300x225.jpg 300w, https:\/\/vrtna-oprema.si\/wp-content\/uploads\/2021\/01\/20200620_103209-768x576.jpg 768w, https:\/\/vrtna-oprema.si\/wp-content\/uploads\/2021\/01\/20200620_103209-600x450.jpg 600w, https:\/\/vrtna-oprema.si\/wp-content\/uploads\/2021\/01\/20200620_103209-1067x800.jpg 1067w, https:\/\/vrtna-oprema.si\/wp-content\/uploads\/2021\/01\/20200620_103209-1536x1152.jpg 1536w, https:\/\/vrtna-oprema.si\/wp-content\/uploads\/2021\/01\/20200620_103209-2048x1536.jpg 2048w\" sizes=\"auto, (max-width: 1024px) 100vw, 1024px\" \/><\/figure><\/li><li class=\"blocks-gallery-item\"><figure><img loading=\"lazy\" decoding=\"async\" width=\"1024\" height=\"768\" src=\"https:\/\/vrtna-oprema.si\/wp-content\/uploads\/2021\/01\/20200702_1901180-1024x768.jpg\" alt=\"\" data-id=\"115\" data-full-url=\"https:\/\/vrtna-oprema.si\/wp-content\/uploads\/2021\/01\/20200702_1901180-scaled.jpg\" data-link=\"https:\/\/vrtna-oprema.si\/?attachment_id=115\" class=\"wp-image-115\" srcset=\"https:\/\/vrtna-oprema.si\/wp-content\/uploads\/2021\/01\/20200702_1901180-1024x768.jpg 1024w, https:\/\/vrtna-oprema.si\/wp-content\/uploads\/2021\/01\/20200702_1901180-300x225.jpg 300w, https:\/\/vrtna-oprema.si\/wp-content\/uploads\/2021\/01\/20200702_1901180-768x576.jpg 768w, https:\/\/vrtna-oprema.si\/wp-content\/uploads\/2021\/01\/20200702_1901180-600x450.jpg 600w, https:\/\/vrtna-oprema.si\/wp-content\/uploads\/2021\/01\/20200702_1901180-1067x800.jpg 1067w, https:\/\/vrtna-oprema.si\/wp-content\/uploads\/2021\/01\/20200702_1901180-1536x1152.jpg 1536w, https:\/\/vrtna-oprema.si\/wp-content\/uploads\/2021\/01\/20200702_1901180-2048x1536.jpg 2048w\" sizes=\"auto, (max-width: 1024px) 100vw, 1024px\" \/><\/figure><\/li><li class=\"blocks-gallery-item\"><figure><img loading=\"lazy\" decoding=\"async\" width=\"324\" height=\"576\" src=\"https:\/\/vrtna-oprema.si\/wp-content\/uploads\/2019\/03\/otro\u0161ke-hi\u0161ice.jpg\" alt=\"\" data-id=\"53\" data-full-url=\"https:\/\/vrtna-oprema.si\/wp-content\/uploads\/2019\/03\/otro\u0161ke-hi\u0161ice.jpg\" data-link=\"https:\/\/vrtna-oprema.si\/?attachment_id=53\" class=\"wp-image-53\" srcset=\"https:\/\/vrtna-oprema.si\/wp-content\/uploads\/2019\/03\/otro\u0161ke-hi\u0161ice.jpg 324w, https:\/\/vrtna-oprema.si\/wp-content\/uploads\/2019\/03\/otro\u0161ke-hi\u0161ice-169x300.jpg 169w\" sizes=\"auto, (max-width: 324px) 100vw, 324px\" \/><\/figure><\/li><li class=\"blocks-gallery-item\"><figure><img loading=\"lazy\" decoding=\"async\" width=\"1024\" height=\"768\" src=\"https:\/\/vrtna-oprema.si\/wp-content\/uploads\/2021\/01\/20200731_152400-1024x768.jpg\" alt=\"\" data-id=\"113\" data-full-url=\"https:\/\/vrtna-oprema.si\/wp-content\/uploads\/2021\/01\/20200731_152400-scaled.jpg\" data-link=\"https:\/\/vrtna-oprema.si\/?attachment_id=113\" class=\"wp-image-113\" srcset=\"https:\/\/vrtna-oprema.si\/wp-content\/uploads\/2021\/01\/20200731_152400-1024x768.jpg 1024w, https:\/\/vrtna-oprema.si\/wp-content\/uploads\/2021\/01\/20200731_152400-300x225.jpg 300w, https:\/\/vrtna-oprema.si\/wp-content\/uploads\/2021\/01\/20200731_152400-768x576.jpg 768w, https:\/\/vrtna-oprema.si\/wp-content\/uploads\/2021\/01\/20200731_152400-600x450.jpg 600w, https:\/\/vrtna-oprema.si\/wp-content\/uploads\/2021\/01\/20200731_152400-1067x800.jpg 1067w, https:\/\/vrtna-oprema.si\/wp-content\/uploads\/2021\/01\/20200731_152400-1536x1152.jpg 1536w, https:\/\/vrtna-oprema.si\/wp-content\/uploads\/2021\/01\/20200731_152400-2048x1536.jpg 2048w\" sizes=\"auto, (max-width: 1024px) 100vw, 1024px\" \/><\/figure><\/li><li class=\"blocks-gallery-item\"><figure><img loading=\"lazy\" decoding=\"async\" width=\"1024\" height=\"768\" src=\"https:\/\/vrtna-oprema.si\/wp-content\/uploads\/2019\/03\/20190816_141045-1024x768.jpg\" alt=\"\" data-id=\"104\" data-full-url=\"https:\/\/vrtna-oprema.si\/wp-content\/uploads\/2019\/03\/20190816_141045.jpg\" data-link=\"https:\/\/vrtna-oprema.si\/?attachment_id=104\" class=\"wp-image-104\" srcset=\"https:\/\/vrtna-oprema.si\/wp-content\/uploads\/2019\/03\/20190816_141045-1024x768.jpg 1024w, https:\/\/vrtna-oprema.si\/wp-content\/uploads\/2019\/03\/20190816_141045-300x225.jpg 300w, https:\/\/vrtna-oprema.si\/wp-content\/uploads\/2019\/03\/20190816_141045-768x576.jpg 768w, https:\/\/vrtna-oprema.si\/wp-content\/uploads\/2019\/03\/20190816_141045-600x450.jpg 600w, https:\/\/vrtna-oprema.si\/wp-content\/uploads\/2019\/03\/20190816_141045-1067x800.jpg 1067w\" sizes=\"auto, (max-width: 1024px) 100vw, 1024px\" \/><\/figure><\/li><li class=\"blocks-gallery-item\"><figure><img loading=\"lazy\" decoding=\"async\" width=\"1024\" height=\"768\" src=\"https:\/\/vrtna-oprema.si\/wp-content\/uploads\/2019\/03\/20190629_073115-1024x768.jpg\" alt=\"\" data-id=\"105\" data-full-url=\"https:\/\/vrtna-oprema.si\/wp-content\/uploads\/2019\/03\/20190629_073115.jpg\" data-link=\"https:\/\/vrtna-oprema.si\/?attachment_id=105\" class=\"wp-image-105\" srcset=\"https:\/\/vrtna-oprema.si\/wp-content\/uploads\/2019\/03\/20190629_073115-1024x768.jpg 1024w, https:\/\/vrtna-oprema.si\/wp-content\/uploads\/2019\/03\/20190629_073115-300x225.jpg 300w, https:\/\/vrtna-oprema.si\/wp-content\/uploads\/2019\/03\/20190629_073115-768x576.jpg 768w, https:\/\/vrtna-oprema.si\/wp-content\/uploads\/2019\/03\/20190629_073115-600x450.jpg 600w, https:\/\/vrtna-oprema.si\/wp-content\/uploads\/2019\/03\/20190629_073115-1067x800.jpg 1067w\" sizes=\"auto, (max-width: 1024px) 100vw, 1024px\" \/><\/figure><\/li><li class=\"blocks-gallery-item\"><figure><img loading=\"lazy\" decoding=\"async\" width=\"1024\" height=\"768\" src=\"https:\/\/vrtna-oprema.si\/wp-content\/uploads\/2019\/03\/20190615_120012-1024x768.jpg\" alt=\"\" data-id=\"106\" data-full-url=\"https:\/\/vrtna-oprema.si\/wp-content\/uploads\/2019\/03\/20190615_120012.jpg\" data-link=\"https:\/\/vrtna-oprema.si\/?attachment_id=106\" class=\"wp-image-106\" srcset=\"https:\/\/vrtna-oprema.si\/wp-content\/uploads\/2019\/03\/20190615_120012-1024x768.jpg 1024w, https:\/\/vrtna-oprema.si\/wp-content\/uploads\/2019\/03\/20190615_120012-300x225.jpg 300w, https:\/\/vrtna-oprema.si\/wp-content\/uploads\/2019\/03\/20190615_120012-768x576.jpg 768w, https:\/\/vrtna-oprema.si\/wp-content\/uploads\/2019\/03\/20190615_120012-600x450.jpg 600w, https:\/\/vrtna-oprema.si\/wp-content\/uploads\/2019\/03\/20190615_120012-1067x800.jpg 1067w\" sizes=\"auto, (max-width: 1024px) 100vw, 1024px\" \/><\/figure><\/li><li class=\"blocks-gallery-item\"><figure><img loading=\"lazy\" decoding=\"async\" width=\"163\" height=\"290\" src=\"https:\/\/vrtna-oprema.si\/wp-content\/uploads\/2019\/03\/otro\u0161ke-hi\u0161ice1.jpg\" alt=\"\" data-id=\"52\" data-full-url=\"https:\/\/vrtna-oprema.si\/wp-content\/uploads\/2019\/03\/otro\u0161ke-hi\u0161ice1.jpg\" data-link=\"https:\/\/vrtna-oprema.si\/?attachment_id=52\" class=\"wp-image-52\"\/><\/figure><\/li><\/ul><\/figure>\n\n\n\n<p><strong>V podjetju dr\u017eimo \u017ee dolgo tradicijo s kvaliteto in kakovostjo na\u0161ih izdelkov. S tem si pridobimo zadovoljstvo in naklonjenost na\u0161ih strank. Imamo zelo obse\u017eno ponudbo, poleg tega da se prilagajamo strankam in delamo tudi po naro\u010dilu. S tem dose\u017eemo ve\u010dji uspeh na tr\u017ei\u0161\u010du, zadovoljstvo pri strankah in na\u0161e notranje zadovoljstvo oziroma lasten uspeh.<\/strong><\/p>\n\n\n<p><!--EndFragment--><\/p>\n<p><\/p>\n<p><!--EndFragment--><\/p>\n<p><\/p>\n<p><!--EndFragment--><\/p>","protected":false},"excerpt":{"rendered":"<p>O podjetju krt\u21d2\u21d2 Z izdelavo in monta\u017eo vrtne opreme se ukvarjamo od leta 1999. Res smo majhni, a smo konkuren\u010dni z ceno in kvaliteto. Imamo pester izbor vrtnih paviljonov, vrtnih hi\u0161ic, kozolcev<\/p>\n<a class=\"moretag noptoppad\" href=\"https:\/\/vrtna-oprema.si\/?page_id=50\">Read More...<\/a>","protected":false},"author":1,"featured_media":0,"parent":0,"menu_order":0,"comment_status":"closed","ping_status":"closed","template":"","meta":{"footnotes":""},"class_list":["post-50","page","type-page","status-publish","hentry"],"yoast_head":"<!-- This site is optimized with the Yoast SEO plugin v27.4 - https:\/\/yoast.com\/product\/yoast-seo-wordpress\/ -->\n<title>OTRO\u0160KE HI\u0160ICE - VRTNA OPREMA<\/title>\n<meta name=\"robots\" content=\"index, follow, max-snippet:-1, max-image-preview:large, max-video-preview:-1\" \/>\n<link rel=\"canonical\" href=\"https:\/\/vrtna-oprema.si\/?page_id=50\" \/>\n<meta property=\"og:locale\" content=\"en_US\" \/>\n<meta property=\"og:type\" content=\"article\" \/>\n<meta property=\"og:title\" content=\"OTRO\u0160KE HI\u0160ICE - VRTNA OPREMA\" \/>\n<meta property=\"og:description\" content=\"O podjetju krt\u21d2\u21d2 Z izdelavo in monta\u017eo vrtne opreme se ukvarjamo od leta 1999. Res smo majhni, a smo konkuren\u010dni z ceno in kvaliteto. Imamo pester izbor vrtnih paviljonov, vrtnih hi\u0161ic, kozolcev\" \/>\n<meta property=\"og:url\" content=\"https:\/\/vrtna-oprema.si\/?page_id=50\" \/>\n<meta property=\"og:site_name\" content=\"VRTNA OPREMA\" \/>\n<meta property=\"article:publisher\" content=\"https:\/\/www.facebook.com\/\" \/>\n<meta property=\"article:modified_time\" content=\"2021-11-18T11:18:11+00:00\" \/>\n<meta property=\"og:image\" content=\"https:\/\/vrtna-oprema.si\/wp-content\/uploads\/2021\/02\/vk1.jpg\" \/>\n<meta name=\"twitter:card\" content=\"summary_large_image\" \/>\n<meta name=\"twitter:label1\" content=\"Est. reading time\" \/>\n\t<meta name=\"twitter:data1\" content=\"3 minutes\" \/>\n<script type=\"application\/ld+json\" class=\"yoast-schema-graph\">{\"@context\":\"https:\\\/\\\/schema.org\",\"@graph\":[{\"@type\":\"WebPage\",\"@id\":\"https:\\\/\\\/vrtna-oprema.si\\\/?page_id=50\",\"url\":\"https:\\\/\\\/vrtna-oprema.si\\\/?page_id=50\",\"name\":\"OTRO\u0160KE HI\u0160ICE - VRTNA OPREMA\",\"isPartOf\":{\"@id\":\"https:\\\/\\\/vrtna-oprema.si\\\/#website\"},\"primaryImageOfPage\":{\"@id\":\"https:\\\/\\\/vrtna-oprema.si\\\/?page_id=50#primaryimage\"},\"image\":{\"@id\":\"https:\\\/\\\/vrtna-oprema.si\\\/?page_id=50#primaryimage\"},\"thumbnailUrl\":\"https:\\\/\\\/vrtna-oprema.si\\\/wp-content\\\/uploads\\\/2021\\\/02\\\/vk1.jpg\",\"datePublished\":\"2019-03-18T06:33:58+00:00\",\"dateModified\":\"2021-11-18T11:18:11+00:00\",\"breadcrumb\":{\"@id\":\"https:\\\/\\\/vrtna-oprema.si\\\/?page_id=50#breadcrumb\"},\"inLanguage\":\"en-US\",\"potentialAction\":[{\"@type\":\"ReadAction\",\"target\":[\"https:\\\/\\\/vrtna-oprema.si\\\/?page_id=50\"]}]},{\"@type\":\"ImageObject\",\"inLanguage\":\"en-US\",\"@id\":\"https:\\\/\\\/vrtna-oprema.si\\\/?page_id=50#primaryimage\",\"url\":\"https:\\\/\\\/vrtna-oprema.si\\\/wp-content\\\/uploads\\\/2021\\\/02\\\/vk1.jpg\",\"contentUrl\":\"https:\\\/\\\/vrtna-oprema.si\\\/wp-content\\\/uploads\\\/2021\\\/02\\\/vk1.jpg\",\"width\":1024,\"height\":768},{\"@type\":\"BreadcrumbList\",\"@id\":\"https:\\\/\\\/vrtna-oprema.si\\\/?page_id=50#breadcrumb\",\"itemListElement\":[{\"@type\":\"ListItem\",\"position\":1,\"name\":\"Home\",\"item\":\"https:\\\/\\\/vrtna-oprema.si\\\/\"},{\"@type\":\"ListItem\",\"position\":2,\"name\":\"OTRO\u0160KE HI\u0160ICE\"}]},{\"@type\":\"WebSite\",\"@id\":\"https:\\\/\\\/vrtna-oprema.si\\\/#website\",\"url\":\"https:\\\/\\\/vrtna-oprema.si\\\/\",\"name\":\"VRTNA OPREMA\",\"description\":\"VRTNA OPREMA\",\"publisher\":{\"@id\":\"https:\\\/\\\/vrtna-oprema.si\\\/#organization\"},\"potentialAction\":[{\"@type\":\"SearchAction\",\"target\":{\"@type\":\"EntryPoint\",\"urlTemplate\":\"https:\\\/\\\/vrtna-oprema.si\\\/?s={search_term_string}\"},\"query-input\":{\"@type\":\"PropertyValueSpecification\",\"valueRequired\":true,\"valueName\":\"search_term_string\"}}],\"inLanguage\":\"en-US\"},{\"@type\":\"Organization\",\"@id\":\"https:\\\/\\\/vrtna-oprema.si\\\/#organization\",\"name\":\"Bojan Krt - nosilec dopolnilne dejavnosti na kmetiji\",\"url\":\"https:\\\/\\\/vrtna-oprema.si\\\/\",\"logo\":{\"@type\":\"ImageObject\",\"inLanguage\":\"en-US\",\"@id\":\"https:\\\/\\\/vrtna-oprema.si\\\/#\\\/schema\\\/logo\\\/image\\\/\",\"url\":\"https:\\\/\\\/vrtna-oprema.si\\\/wp-content\\\/uploads\\\/2019\\\/03\\\/otro\u0161ke-hi\u0161ice.jpg\",\"contentUrl\":\"https:\\\/\\\/vrtna-oprema.si\\\/wp-content\\\/uploads\\\/2019\\\/03\\\/otro\u0161ke-hi\u0161ice.jpg\",\"width\":324,\"height\":576,\"caption\":\"Bojan Krt - nosilec dopolnilne dejavnosti na kmetiji\"},\"image\":{\"@id\":\"https:\\\/\\\/vrtna-oprema.si\\\/#\\\/schema\\\/logo\\\/image\\\/\"},\"sameAs\":[\"https:\\\/\\\/www.facebook.com\\\/\",\"https:\\\/\\\/www.instagram.com\\\/\",\"https:\\\/\\\/www.linkedin.com\\\/\",\"https:\\\/\\\/www.myspace.com\\\/\",\"https:\\\/\\\/www.pinterest.com\\\/\",\"https:\\\/\\\/www.youtube.com\\\/\"]}]}<\/script>\n<!-- \/ Yoast SEO plugin. -->","yoast_head_json":{"title":"OTRO\u0160KE HI\u0160ICE - VRTNA OPREMA","robots":{"index":"index","follow":"follow","max-snippet":"max-snippet:-1","max-image-preview":"max-image-preview:large","max-video-preview":"max-video-preview:-1"},"canonical":"https:\/\/vrtna-oprema.si\/?page_id=50","og_locale":"en_US","og_type":"article","og_title":"OTRO\u0160KE HI\u0160ICE - VRTNA OPREMA","og_description":"O podjetju krt\u21d2\u21d2 Z izdelavo in monta\u017eo vrtne opreme se ukvarjamo od leta 1999. Res smo majhni, a smo konkuren\u010dni z ceno in kvaliteto. Imamo pester izbor vrtnih paviljonov, vrtnih hi\u0161ic, kozolcev","og_url":"https:\/\/vrtna-oprema.si\/?page_id=50","og_site_name":"VRTNA OPREMA","article_publisher":"https:\/\/www.facebook.com\/","article_modified_time":"2021-11-18T11:18:11+00:00","og_image":[{"url":"https:\/\/vrtna-oprema.si\/wp-content\/uploads\/2021\/02\/vk1.jpg","type":"","width":"","height":""}],"twitter_card":"summary_large_image","twitter_misc":{"Est. reading time":"3 minutes"},"schema":{"@context":"https:\/\/schema.org","@graph":[{"@type":"WebPage","@id":"https:\/\/vrtna-oprema.si\/?page_id=50","url":"https:\/\/vrtna-oprema.si\/?page_id=50","name":"OTRO\u0160KE HI\u0160ICE - VRTNA OPREMA","isPartOf":{"@id":"https:\/\/vrtna-oprema.si\/#website"},"primaryImageOfPage":{"@id":"https:\/\/vrtna-oprema.si\/?page_id=50#primaryimage"},"image":{"@id":"https:\/\/vrtna-oprema.si\/?page_id=50#primaryimage"},"thumbnailUrl":"https:\/\/vrtna-oprema.si\/wp-content\/uploads\/2021\/02\/vk1.jpg","datePublished":"2019-03-18T06:33:58+00:00","dateModified":"2021-11-18T11:18:11+00:00","breadcrumb":{"@id":"https:\/\/vrtna-oprema.si\/?page_id=50#breadcrumb"},"inLanguage":"en-US","potentialAction":[{"@type":"ReadAction","target":["https:\/\/vrtna-oprema.si\/?page_id=50"]}]},{"@type":"ImageObject","inLanguage":"en-US","@id":"https:\/\/vrtna-oprema.si\/?page_id=50#primaryimage","url":"https:\/\/vrtna-oprema.si\/wp-content\/uploads\/2021\/02\/vk1.jpg","contentUrl":"https:\/\/vrtna-oprema.si\/wp-content\/uploads\/2021\/02\/vk1.jpg","width":1024,"height":768},{"@type":"BreadcrumbList","@id":"https:\/\/vrtna-oprema.si\/?page_id=50#breadcrumb","itemListElement":[{"@type":"ListItem","position":1,"name":"Home","item":"https:\/\/vrtna-oprema.si\/"},{"@type":"ListItem","position":2,"name":"OTRO\u0160KE HI\u0160ICE"}]},{"@type":"WebSite","@id":"https:\/\/vrtna-oprema.si\/#website","url":"https:\/\/vrtna-oprema.si\/","name":"VRTNA OPREMA","description":"VRTNA OPREMA","publisher":{"@id":"https:\/\/vrtna-oprema.si\/#organization"},"potentialAction":[{"@type":"SearchAction","target":{"@type":"EntryPoint","urlTemplate":"https:\/\/vrtna-oprema.si\/?s={search_term_string}"},"query-input":{"@type":"PropertyValueSpecification","valueRequired":true,"valueName":"search_term_string"}}],"inLanguage":"en-US"},{"@type":"Organization","@id":"https:\/\/vrtna-oprema.si\/#organization","name":"Bojan Krt - nosilec dopolnilne dejavnosti na kmetiji","url":"https:\/\/vrtna-oprema.si\/","logo":{"@type":"ImageObject","inLanguage":"en-US","@id":"https:\/\/vrtna-oprema.si\/#\/schema\/logo\/image\/","url":"https:\/\/vrtna-oprema.si\/wp-content\/uploads\/2019\/03\/otro\u0161ke-hi\u0161ice.jpg","contentUrl":"https:\/\/vrtna-oprema.si\/wp-content\/uploads\/2019\/03\/otro\u0161ke-hi\u0161ice.jpg","width":324,"height":576,"caption":"Bojan Krt - nosilec dopolnilne dejavnosti na kmetiji"},"image":{"@id":"https:\/\/vrtna-oprema.si\/#\/schema\/logo\/image\/"},"sameAs":["https:\/\/www.facebook.com\/","https:\/\/www.instagram.com\/","https:\/\/www.linkedin.com\/","https:\/\/www.myspace.com\/","https:\/\/www.pinterest.com\/","https:\/\/www.youtube.com\/"]}]}},"_links":{"self":[{"href":"https:\/\/vrtna-oprema.si\/index.php?rest_route=\/wp\/v2\/pages\/50","targetHints":{"allow":["GET"]}}],"collection":[{"href":"https:\/\/vrtna-oprema.si\/index.php?rest_route=\/wp\/v2\/pages"}],"about":[{"href":"https:\/\/vrtna-oprema.si\/index.php?rest_route=\/wp\/v2\/types\/page"}],"author":[{"embeddable":true,"href":"https:\/\/vrtna-oprema.si\/index.php?rest_route=\/wp\/v2\/users\/1"}],"replies":[{"embeddable":true,"href":"https:\/\/vrtna-oprema.si\/index.php?rest_route=%2Fwp%2Fv2%2Fcomments&post=50"}],"version-history":[{"count":2,"href":"https:\/\/vrtna-oprema.si\/index.php?rest_route=\/wp\/v2\/pages\/50\/revisions"}],"predecessor-version":[{"id":156,"href":"https:\/\/vrtna-oprema.si\/index.php?rest_route=\/wp\/v2\/pages\/50\/revisions\/156"}],"wp:attachment":[{"href":"https:\/\/vrtna-oprema.si\/index.php?rest_route=%2Fwp%2Fv2%2Fmedia&parent=50"}],"curies":[{"name":"wp","href":"https:\/\/api.w.org\/{rel}","templated":true}]}}