{"id":23,"date":"2019-03-18T06:24:29","date_gmt":"2019-03-18T06:24:29","guid":{"rendered":"https:\/\/vrtna-oprema.si\/?page_id=23"},"modified":"2019-03-18T06:24:29","modified_gmt":"2019-03-18T06:24:29","slug":"vrtna-garnitrua","status":"publish","type":"page","link":"https:\/\/vrtna-oprema.si\/?page_id=23","title":{"rendered":"VRTNA GARNITRUA"},"content":{"rendered":"\n<h1 class=\"wp-block-heading\"><strong>O podjetju krt<\/strong><strong>\u21d2\u21d2<\/strong><\/h1>\n\n\n\n<p><strong>Z izdelavo in monta\u017eo vrtne opreme se ukvarjamo od leta 1999. Res smo majhni, a smo konkuren\u010dni z ceno in kvaliteto.<\/strong><\/p>\n\n\n\n<blockquote class=\"wp-block-quote is-layout-flow wp-block-quote-is-layout-flow\"><p><strong>Imamo pester izbor vrtnih paviljonov, vrtnih hi\u0161ic, kozolcev in ostale vrtne opreme, seveda pa poleg tipskih izdelkov radi prisluhnemo in se prilagodimo va\u0161im \u017eeljam in potreb<\/strong><\/p><cite><br><\/cite><\/blockquote>\n\n\n\n<ul class=\"wp-block-gallery columns-3 is-cropped wp-block-gallery-1 is-layout-flex wp-block-gallery-is-layout-flex\"><li class=\"blocks-gallery-item\"><figure><img loading=\"lazy\" decoding=\"async\" width=\"138\" height=\"83\" src=\"https:\/\/vrtna-oprema.si\/wp-content\/uploads\/2019\/03\/vrtna-garnitura9.jpg\" alt=\"\" data-id=\"24\" data-link=\"https:\/\/vrtna-oprema.si\/?attachment_id=24\" class=\"wp-image-24\"\/><\/figure><\/li><li class=\"blocks-gallery-item\"><figure><img loading=\"lazy\" decoding=\"async\" width=\"124\" height=\"83\" src=\"https:\/\/vrtna-oprema.si\/wp-content\/uploads\/2019\/03\/vrtna-garnitura-5.jpg\" alt=\"\" data-id=\"25\" data-link=\"https:\/\/vrtna-oprema.si\/?attachment_id=25\" class=\"wp-image-25\"\/><\/figure><\/li><li class=\"blocks-gallery-item\"><figure><img loading=\"lazy\" decoding=\"async\" width=\"168\" height=\"112\" src=\"https:\/\/vrtna-oprema.si\/wp-content\/uploads\/2019\/03\/vrtna-garnitura2.jpg\" alt=\"\" data-id=\"26\" data-link=\"https:\/\/vrtna-oprema.si\/?attachment_id=26\" class=\"wp-image-26\"\/><\/figure><\/li><li class=\"blocks-gallery-item\"><figure><img loading=\"lazy\" decoding=\"async\" width=\"324\" height=\"243\" src=\"https:\/\/vrtna-oprema.si\/wp-content\/uploads\/2019\/03\/vrtna-garnitura1.jpg\" alt=\"\" data-id=\"27\" data-link=\"https:\/\/vrtna-oprema.si\/?attachment_id=27\" class=\"wp-image-27\" srcset=\"https:\/\/vrtna-oprema.si\/wp-content\/uploads\/2019\/03\/vrtna-garnitura1.jpg 324w, https:\/\/vrtna-oprema.si\/wp-content\/uploads\/2019\/03\/vrtna-garnitura1-300x225.jpg 300w\" sizes=\"auto, (max-width: 324px) 100vw, 324px\" \/><\/figure><\/li><li class=\"blocks-gallery-item\"><figure><img loading=\"lazy\" decoding=\"async\" width=\"1024\" height=\"768\" src=\"https:\/\/vrtna-oprema.si\/wp-content\/uploads\/2019\/03\/vrtna-garnitura-1024x768.jpg\" alt=\"\" data-id=\"28\" data-link=\"https:\/\/vrtna-oprema.si\/?attachment_id=28\" class=\"wp-image-28\" srcset=\"https:\/\/vrtna-oprema.si\/wp-content\/uploads\/2019\/03\/vrtna-garnitura-1024x768.jpg 1024w, https:\/\/vrtna-oprema.si\/wp-content\/uploads\/2019\/03\/vrtna-garnitura-300x225.jpg 300w, https:\/\/vrtna-oprema.si\/wp-content\/uploads\/2019\/03\/vrtna-garnitura-768x576.jpg 768w, https:\/\/vrtna-oprema.si\/wp-content\/uploads\/2019\/03\/vrtna-garnitura.jpg 1462w\" sizes=\"auto, (max-width: 1024px) 100vw, 1024px\" \/><\/figure><\/li><li class=\"blocks-gallery-item\"><figure><img loading=\"lazy\" decoding=\"async\" width=\"168\" height=\"126\" src=\"https:\/\/vrtna-oprema.si\/wp-content\/uploads\/2019\/03\/vrtna-garnitura3.jpg\" alt=\"\" data-id=\"29\" data-link=\"https:\/\/vrtna-oprema.si\/?attachment_id=29\" class=\"wp-image-29\"\/><figcaption>OLYMPUS DIGITAL CAMERA<\/figcaption><\/figure><\/li><\/ul>\n\n\n\n<p><strong>V podjetju dr\u017eimo \u017ee dolgo tradicijo s kvaliteto in kakovostjo na\u0161ih izdelkov. S tem si pridobimo zadovoljstvo in naklonjenost na\u0161ih strank. Imamo zelo obse\u017eno ponudbo, poleg tega da se prilagajamo strankam in delamo tudi po naro\u010dilu. S tem dose\u017eemo ve\u010dji uspeh na tr\u017ei\u0161\u010du, zadovoljstvo pri strankah in na\u0161e notranje zadovoljstvo oziroma lasten uspeh.<\/strong><\/p>\n\n\n<p><!--EndFragment--><br>\n<br>\n<\/p>","protected":false},"excerpt":{"rendered":"<p>O podjetju krt\u21d2\u21d2 Z izdelavo in monta\u017eo vrtne opreme se ukvarjamo od leta 1999. Res smo majhni, a smo konkuren\u010dni z ceno in kvaliteto. Imamo pester izbor vrtnih paviljonov, vrtnih hi\u0161ic, kozolcev<\/p>\n<a class=\"moretag noptoppad\" href=\"https:\/\/vrtna-oprema.si\/?page_id=23\">Read More...<\/a>","protected":false},"author":1,"featured_media":0,"parent":0,"menu_order":0,"comment_status":"closed","ping_status":"closed","template":"","meta":{"footnotes":""},"class_list":["post-23","page","type-page","status-publish","hentry"],"yoast_head":"<!-- This site is optimized with the Yoast SEO plugin v27.4 - https:\/\/yoast.com\/product\/yoast-seo-wordpress\/ -->\n<title>VRTNA GARNITRUA - VRTNA OPREMA<\/title>\n<meta name=\"robots\" content=\"index, follow, max-snippet:-1, max-image-preview:large, max-video-preview:-1\" \/>\n<link rel=\"canonical\" href=\"https:\/\/vrtna-oprema.si\/?page_id=23\" \/>\n<meta property=\"og:locale\" content=\"en_US\" \/>\n<meta property=\"og:type\" content=\"article\" \/>\n<meta property=\"og:title\" content=\"VRTNA GARNITRUA - VRTNA OPREMA\" \/>\n<meta property=\"og:description\" content=\"O podjetju krt\u21d2\u21d2 Z izdelavo in monta\u017eo vrtne opreme se ukvarjamo od leta 1999. Res smo majhni, a smo konkuren\u010dni z ceno in kvaliteto. Imamo pester izbor vrtnih paviljonov, vrtnih hi\u0161ic, kozolcev\" \/>\n<meta property=\"og:url\" content=\"https:\/\/vrtna-oprema.si\/?page_id=23\" \/>\n<meta property=\"og:site_name\" content=\"VRTNA OPREMA\" \/>\n<meta property=\"article:publisher\" content=\"https:\/\/www.facebook.com\/\" \/>\n<meta property=\"og:image\" content=\"https:\/\/vrtna-oprema.si\/wp-content\/uploads\/2019\/03\/vrtna-garnitura9.jpg\" \/>\n<meta name=\"twitter:card\" content=\"summary_large_image\" \/>\n<meta name=\"twitter:label1\" content=\"Est. reading time\" \/>\n\t<meta name=\"twitter:data1\" content=\"1 minute\" \/>\n<script type=\"application\/ld+json\" class=\"yoast-schema-graph\">{\"@context\":\"https:\\\/\\\/schema.org\",\"@graph\":[{\"@type\":\"WebPage\",\"@id\":\"https:\\\/\\\/vrtna-oprema.si\\\/?page_id=23\",\"url\":\"https:\\\/\\\/vrtna-oprema.si\\\/?page_id=23\",\"name\":\"VRTNA GARNITRUA - VRTNA OPREMA\",\"isPartOf\":{\"@id\":\"https:\\\/\\\/vrtna-oprema.si\\\/#website\"},\"primaryImageOfPage\":{\"@id\":\"https:\\\/\\\/vrtna-oprema.si\\\/?page_id=23#primaryimage\"},\"image\":{\"@id\":\"https:\\\/\\\/vrtna-oprema.si\\\/?page_id=23#primaryimage\"},\"thumbnailUrl\":\"http:\\\/\\\/vrtna-oprema.si\\\/wp-content\\\/uploads\\\/2019\\\/03\\\/vrtna-garnitura9.jpg\",\"datePublished\":\"2019-03-18T06:24:29+00:00\",\"breadcrumb\":{\"@id\":\"https:\\\/\\\/vrtna-oprema.si\\\/?page_id=23#breadcrumb\"},\"inLanguage\":\"en-US\",\"potentialAction\":[{\"@type\":\"ReadAction\",\"target\":[\"https:\\\/\\\/vrtna-oprema.si\\\/?page_id=23\"]}]},{\"@type\":\"ImageObject\",\"inLanguage\":\"en-US\",\"@id\":\"https:\\\/\\\/vrtna-oprema.si\\\/?page_id=23#primaryimage\",\"url\":\"https:\\\/\\\/vrtna-oprema.si\\\/wp-content\\\/uploads\\\/2019\\\/03\\\/vrtna-garnitura9.jpg\",\"contentUrl\":\"https:\\\/\\\/vrtna-oprema.si\\\/wp-content\\\/uploads\\\/2019\\\/03\\\/vrtna-garnitura9.jpg\",\"width\":138,\"height\":83},{\"@type\":\"BreadcrumbList\",\"@id\":\"https:\\\/\\\/vrtna-oprema.si\\\/?page_id=23#breadcrumb\",\"itemListElement\":[{\"@type\":\"ListItem\",\"position\":1,\"name\":\"Home\",\"item\":\"https:\\\/\\\/vrtna-oprema.si\\\/\"},{\"@type\":\"ListItem\",\"position\":2,\"name\":\"VRTNA GARNITRUA\"}]},{\"@type\":\"WebSite\",\"@id\":\"https:\\\/\\\/vrtna-oprema.si\\\/#website\",\"url\":\"https:\\\/\\\/vrtna-oprema.si\\\/\",\"name\":\"VRTNA OPREMA\",\"description\":\"VRTNA OPREMA\",\"publisher\":{\"@id\":\"https:\\\/\\\/vrtna-oprema.si\\\/#organization\"},\"potentialAction\":[{\"@type\":\"SearchAction\",\"target\":{\"@type\":\"EntryPoint\",\"urlTemplate\":\"https:\\\/\\\/vrtna-oprema.si\\\/?s={search_term_string}\"},\"query-input\":{\"@type\":\"PropertyValueSpecification\",\"valueRequired\":true,\"valueName\":\"search_term_string\"}}],\"inLanguage\":\"en-US\"},{\"@type\":\"Organization\",\"@id\":\"https:\\\/\\\/vrtna-oprema.si\\\/#organization\",\"name\":\"Bojan Krt - nosilec dopolnilne dejavnosti na kmetiji\",\"url\":\"https:\\\/\\\/vrtna-oprema.si\\\/\",\"logo\":{\"@type\":\"ImageObject\",\"inLanguage\":\"en-US\",\"@id\":\"https:\\\/\\\/vrtna-oprema.si\\\/#\\\/schema\\\/logo\\\/image\\\/\",\"url\":\"https:\\\/\\\/vrtna-oprema.si\\\/wp-content\\\/uploads\\\/2019\\\/03\\\/otro\u0161ke-hi\u0161ice.jpg\",\"contentUrl\":\"https:\\\/\\\/vrtna-oprema.si\\\/wp-content\\\/uploads\\\/2019\\\/03\\\/otro\u0161ke-hi\u0161ice.jpg\",\"width\":324,\"height\":576,\"caption\":\"Bojan Krt - nosilec dopolnilne dejavnosti na kmetiji\"},\"image\":{\"@id\":\"https:\\\/\\\/vrtna-oprema.si\\\/#\\\/schema\\\/logo\\\/image\\\/\"},\"sameAs\":[\"https:\\\/\\\/www.facebook.com\\\/\",\"https:\\\/\\\/www.instagram.com\\\/\",\"https:\\\/\\\/www.linkedin.com\\\/\",\"https:\\\/\\\/www.myspace.com\\\/\",\"https:\\\/\\\/www.pinterest.com\\\/\",\"https:\\\/\\\/www.youtube.com\\\/\"]}]}<\/script>\n<!-- \/ Yoast SEO plugin. -->","yoast_head_json":{"title":"VRTNA GARNITRUA - VRTNA OPREMA","robots":{"index":"index","follow":"follow","max-snippet":"max-snippet:-1","max-image-preview":"max-image-preview:large","max-video-preview":"max-video-preview:-1"},"canonical":"https:\/\/vrtna-oprema.si\/?page_id=23","og_locale":"en_US","og_type":"article","og_title":"VRTNA GARNITRUA - VRTNA OPREMA","og_description":"O podjetju krt\u21d2\u21d2 Z izdelavo in monta\u017eo vrtne opreme se ukvarjamo od leta 1999. Res smo majhni, a smo konkuren\u010dni z ceno in kvaliteto. Imamo pester izbor vrtnih paviljonov, vrtnih hi\u0161ic, kozolcev","og_url":"https:\/\/vrtna-oprema.si\/?page_id=23","og_site_name":"VRTNA OPREMA","article_publisher":"https:\/\/www.facebook.com\/","og_image":[{"url":"https:\/\/vrtna-oprema.si\/wp-content\/uploads\/2019\/03\/vrtna-garnitura9.jpg","type":"","width":"","height":""}],"twitter_card":"summary_large_image","twitter_misc":{"Est. reading time":"1 minute"},"schema":{"@context":"https:\/\/schema.org","@graph":[{"@type":"WebPage","@id":"https:\/\/vrtna-oprema.si\/?page_id=23","url":"https:\/\/vrtna-oprema.si\/?page_id=23","name":"VRTNA GARNITRUA - VRTNA OPREMA","isPartOf":{"@id":"https:\/\/vrtna-oprema.si\/#website"},"primaryImageOfPage":{"@id":"https:\/\/vrtna-oprema.si\/?page_id=23#primaryimage"},"image":{"@id":"https:\/\/vrtna-oprema.si\/?page_id=23#primaryimage"},"thumbnailUrl":"https:\/\/vrtna-oprema.si\/wp-content\/uploads\/2019\/03\/vrtna-garnitura9.jpg","datePublished":"2019-03-18T06:24:29+00:00","breadcrumb":{"@id":"https:\/\/vrtna-oprema.si\/?page_id=23#breadcrumb"},"inLanguage":"en-US","potentialAction":[{"@type":"ReadAction","target":["https:\/\/vrtna-oprema.si\/?page_id=23"]}]},{"@type":"ImageObject","inLanguage":"en-US","@id":"https:\/\/vrtna-oprema.si\/?page_id=23#primaryimage","url":"https:\/\/vrtna-oprema.si\/wp-content\/uploads\/2019\/03\/vrtna-garnitura9.jpg","contentUrl":"https:\/\/vrtna-oprema.si\/wp-content\/uploads\/2019\/03\/vrtna-garnitura9.jpg","width":138,"height":83},{"@type":"BreadcrumbList","@id":"https:\/\/vrtna-oprema.si\/?page_id=23#breadcrumb","itemListElement":[{"@type":"ListItem","position":1,"name":"Home","item":"https:\/\/vrtna-oprema.si\/"},{"@type":"ListItem","position":2,"name":"VRTNA GARNITRUA"}]},{"@type":"WebSite","@id":"https:\/\/vrtna-oprema.si\/#website","url":"https:\/\/vrtna-oprema.si\/","name":"VRTNA OPREMA","description":"VRTNA OPREMA","publisher":{"@id":"https:\/\/vrtna-oprema.si\/#organization"},"potentialAction":[{"@type":"SearchAction","target":{"@type":"EntryPoint","urlTemplate":"https:\/\/vrtna-oprema.si\/?s={search_term_string}"},"query-input":{"@type":"PropertyValueSpecification","valueRequired":true,"valueName":"search_term_string"}}],"inLanguage":"en-US"},{"@type":"Organization","@id":"https:\/\/vrtna-oprema.si\/#organization","name":"Bojan Krt - nosilec dopolnilne dejavnosti na kmetiji","url":"https:\/\/vrtna-oprema.si\/","logo":{"@type":"ImageObject","inLanguage":"en-US","@id":"https:\/\/vrtna-oprema.si\/#\/schema\/logo\/image\/","url":"https:\/\/vrtna-oprema.si\/wp-content\/uploads\/2019\/03\/otro\u0161ke-hi\u0161ice.jpg","contentUrl":"https:\/\/vrtna-oprema.si\/wp-content\/uploads\/2019\/03\/otro\u0161ke-hi\u0161ice.jpg","width":324,"height":576,"caption":"Bojan Krt - nosilec dopolnilne dejavnosti na kmetiji"},"image":{"@id":"https:\/\/vrtna-oprema.si\/#\/schema\/logo\/image\/"},"sameAs":["https:\/\/www.facebook.com\/","https:\/\/www.instagram.com\/","https:\/\/www.linkedin.com\/","https:\/\/www.myspace.com\/","https:\/\/www.pinterest.com\/","https:\/\/www.youtube.com\/"]}]}},"_links":{"self":[{"href":"https:\/\/vrtna-oprema.si\/index.php?rest_route=\/wp\/v2\/pages\/23","targetHints":{"allow":["GET"]}}],"collection":[{"href":"https:\/\/vrtna-oprema.si\/index.php?rest_route=\/wp\/v2\/pages"}],"about":[{"href":"https:\/\/vrtna-oprema.si\/index.php?rest_route=\/wp\/v2\/types\/page"}],"author":[{"embeddable":true,"href":"https:\/\/vrtna-oprema.si\/index.php?rest_route=\/wp\/v2\/users\/1"}],"replies":[{"embeddable":true,"href":"https:\/\/vrtna-oprema.si\/index.php?rest_route=%2Fwp%2Fv2%2Fcomments&post=23"}],"version-history":[{"count":1,"href":"https:\/\/vrtna-oprema.si\/index.php?rest_route=\/wp\/v2\/pages\/23\/revisions"}],"predecessor-version":[{"id":30,"href":"https:\/\/vrtna-oprema.si\/index.php?rest_route=\/wp\/v2\/pages\/23\/revisions\/30"}],"wp:attachment":[{"href":"https:\/\/vrtna-oprema.si\/index.php?rest_route=%2Fwp%2Fv2%2Fmedia&parent=23"}],"curies":[{"name":"wp","href":"https:\/\/api.w.org\/{rel}","templated":true}]}}