{"id":2,"date":"2019-03-10T13:34:34","date_gmt":"2019-03-10T13:34:34","guid":{"rendered":"https:\/\/vrtna-oprema.si\/?page_id=2"},"modified":"2021-01-24T18:51:36","modified_gmt":"2021-01-24T18:51:36","slug":"sample-page","status":"publish","type":"page","link":"https:\/\/vrtna-oprema.si\/?page_id=2","title":{"rendered":"PAVILJONI"},"content":{"rendered":"\n<h1 class=\"wp-block-heading\"><strong>O podjetju krt\u21d2\u21d2<\/strong><\/h1>\n\n\n\n<p><strong>Z izdelavo in monta\u017eo vrtne opreme se ukvarjamo od leta 1999. Res smo majhni, a smo konkuren\u010dni z ceno in kvaliteto.<\/strong><\/p>\n\n\n\n<blockquote class=\"wp-block-quote is-layout-flow wp-block-quote-is-layout-flow\"><p><strong>Imamo pester izbor vrtnih paviljonov, vrtnih hi\u0161ic, kozolcev in ostale vrtne opreme, seveda pa poleg tipskih izdelkov radi prisluhnemo in se prilagodimo va\u0161im \u017eeljam in potrebam.<\/strong><\/p><p><\/p><\/blockquote>\n\n\n\n<figure class=\"wp-block-gallery columns-3 is-cropped wp-block-gallery-1 is-layout-flex wp-block-gallery-is-layout-flex\"><ul class=\"blocks-gallery-grid\"><li class=\"blocks-gallery-item\"><figure><img loading=\"lazy\" decoding=\"async\" width=\"614\" height=\"454\" src=\"https:\/\/vrtna-oprema.si\/wp-content\/uploads\/2019\/03\/paviljon-7.jpg\" alt=\"\" data-id=\"6\" data-link=\"https:\/\/vrtna-oprema.si\/sample-page\/paviljon-7\/\" class=\"wp-image-6\" srcset=\"https:\/\/vrtna-oprema.si\/wp-content\/uploads\/2019\/03\/paviljon-7.jpg 614w, https:\/\/vrtna-oprema.si\/wp-content\/uploads\/2019\/03\/paviljon-7-300x222.jpg 300w\" sizes=\"auto, (max-width: 614px) 100vw, 614px\" \/><\/figure><\/li><li class=\"blocks-gallery-item\"><figure><img loading=\"lazy\" decoding=\"async\" width=\"440\" height=\"461\" src=\"https:\/\/vrtna-oprema.si\/wp-content\/uploads\/2019\/03\/paviljon-1a.png\" alt=\"\" data-id=\"7\" data-link=\"https:\/\/vrtna-oprema.si\/sample-page\/paviljon-1a\/\" class=\"wp-image-7\" srcset=\"https:\/\/vrtna-oprema.si\/wp-content\/uploads\/2019\/03\/paviljon-1a.png 440w, https:\/\/vrtna-oprema.si\/wp-content\/uploads\/2019\/03\/paviljon-1a-286x300.png 286w\" sizes=\"auto, (max-width: 440px) 100vw, 440px\" \/><\/figure><\/li><li class=\"blocks-gallery-item\"><figure><img loading=\"lazy\" decoding=\"async\" width=\"1024\" height=\"768\" src=\"https:\/\/vrtna-oprema.si\/wp-content\/uploads\/2019\/03\/paviljon-3b-1024x768.jpg\" alt=\"\" data-id=\"8\" data-link=\"https:\/\/vrtna-oprema.si\/sample-page\/paviljon-3b\/\" class=\"wp-image-8\" srcset=\"https:\/\/vrtna-oprema.si\/wp-content\/uploads\/2019\/03\/paviljon-3b-1024x768.jpg 1024w, https:\/\/vrtna-oprema.si\/wp-content\/uploads\/2019\/03\/paviljon-3b-300x225.jpg 300w, https:\/\/vrtna-oprema.si\/wp-content\/uploads\/2019\/03\/paviljon-3b-768x576.jpg 768w, https:\/\/vrtna-oprema.si\/wp-content\/uploads\/2019\/03\/paviljon-3b-1568x1176.jpg 1568w\" sizes=\"auto, (max-width: 1024px) 100vw, 1024px\" \/><\/figure><\/li><li class=\"blocks-gallery-item\"><figure><img loading=\"lazy\" decoding=\"async\" width=\"1024\" height=\"768\" src=\"https:\/\/vrtna-oprema.si\/wp-content\/uploads\/2019\/03\/paviljon-3a-1024x768.jpg\" alt=\"\" data-id=\"9\" data-link=\"https:\/\/vrtna-oprema.si\/sample-page\/paviljon-3a\/\" class=\"wp-image-9\" srcset=\"https:\/\/vrtna-oprema.si\/wp-content\/uploads\/2019\/03\/paviljon-3a-1024x768.jpg 1024w, https:\/\/vrtna-oprema.si\/wp-content\/uploads\/2019\/03\/paviljon-3a-300x225.jpg 300w, https:\/\/vrtna-oprema.si\/wp-content\/uploads\/2019\/03\/paviljon-3a-768x576.jpg 768w, https:\/\/vrtna-oprema.si\/wp-content\/uploads\/2019\/03\/paviljon-3a-1568x1176.jpg 1568w\" sizes=\"auto, (max-width: 1024px) 100vw, 1024px\" \/><\/figure><\/li><li class=\"blocks-gallery-item\"><figure><img loading=\"lazy\" decoding=\"async\" width=\"350\" height=\"263\" src=\"https:\/\/vrtna-oprema.si\/wp-content\/uploads\/2019\/03\/paviljon-4.jpg\" alt=\"\" data-id=\"10\" data-link=\"https:\/\/vrtna-oprema.si\/sample-page\/paviljon-4\/\" class=\"wp-image-10\" srcset=\"https:\/\/vrtna-oprema.si\/wp-content\/uploads\/2019\/03\/paviljon-4.jpg 350w, https:\/\/vrtna-oprema.si\/wp-content\/uploads\/2019\/03\/paviljon-4-300x225.jpg 300w\" sizes=\"auto, (max-width: 350px) 100vw, 350px\" \/><\/figure><\/li><li class=\"blocks-gallery-item\"><figure><img loading=\"lazy\" decoding=\"async\" width=\"350\" height=\"263\" src=\"https:\/\/vrtna-oprema.si\/wp-content\/uploads\/2019\/03\/paviljon-6-1.jpg\" alt=\"\" data-id=\"11\" data-link=\"https:\/\/vrtna-oprema.si\/sample-page\/paviljon-6-1\/\" class=\"wp-image-11\" srcset=\"https:\/\/vrtna-oprema.si\/wp-content\/uploads\/2019\/03\/paviljon-6-1.jpg 350w, https:\/\/vrtna-oprema.si\/wp-content\/uploads\/2019\/03\/paviljon-6-1-300x225.jpg 300w\" sizes=\"auto, (max-width: 350px) 100vw, 350px\" \/><\/figure><\/li><li class=\"blocks-gallery-item\"><figure><img loading=\"lazy\" decoding=\"async\" width=\"350\" height=\"263\" src=\"https:\/\/vrtna-oprema.si\/wp-content\/uploads\/2019\/03\/paviljon-6.jpg\" alt=\"\" data-id=\"12\" data-link=\"https:\/\/vrtna-oprema.si\/sample-page\/paviljon-6\/\" class=\"wp-image-12\" srcset=\"https:\/\/vrtna-oprema.si\/wp-content\/uploads\/2019\/03\/paviljon-6.jpg 350w, https:\/\/vrtna-oprema.si\/wp-content\/uploads\/2019\/03\/paviljon-6-300x225.jpg 300w\" sizes=\"auto, (max-width: 350px) 100vw, 350px\" \/><\/figure><\/li><li class=\"blocks-gallery-item\"><figure><img loading=\"lazy\" decoding=\"async\" width=\"300\" height=\"225\" src=\"https:\/\/vrtna-oprema.si\/wp-content\/uploads\/2019\/03\/paviljon-2.jpg\" alt=\"\" data-id=\"13\" data-link=\"https:\/\/vrtna-oprema.si\/sample-page\/paviljon-2\/\" class=\"wp-image-13\"\/><\/figure><\/li><li class=\"blocks-gallery-item\"><figure><img loading=\"lazy\" decoding=\"async\" width=\"768\" height=\"600\" src=\"https:\/\/vrtna-oprema.si\/wp-content\/uploads\/2019\/03\/vrtnaoprema-paviljoni.jpg\" alt=\"\" data-id=\"14\" data-link=\"https:\/\/vrtna-oprema.si\/sample-page\/vrtnaoprema-paviljoni\/\" class=\"wp-image-14\" srcset=\"https:\/\/vrtna-oprema.si\/wp-content\/uploads\/2019\/03\/vrtnaoprema-paviljoni.jpg 768w, https:\/\/vrtna-oprema.si\/wp-content\/uploads\/2019\/03\/vrtnaoprema-paviljoni-300x234.jpg 300w\" sizes=\"auto, (max-width: 768px) 100vw, 768px\" \/><\/figure><\/li><\/ul><\/figure>\n\n\n\n<p><strong>V prihodnosti \u017eelimo raz\u0161iriti obseg na\u0161e proizvodnje in se s tem posku\u0161ali pribli\u017eati \u010dim \u0161ir\u0161emu krogu na\u0161ih strank. Na\u0161a vizija so zadovoljne stranke Posku\u0161ali bomo biti \u0161e bolj prepoznavni na trgu, tako da nas bodo stranke la\u017eje na\u0161le in pri\u0161le do nas z raznimi idejami, ter zamislimo, katere bomo z veseljem posku\u0161ali realizirati in tako zadovoljiti na\u0161e stranke, da bodo zadovoljne z na\u0161im delom in nenazadnje izdelkom, ki so ga naro\u010dile.<\/strong><\/p>\n","protected":false},"excerpt":{"rendered":"<p>O podjetju krt\u21d2\u21d2 Z izdelavo in monta\u017eo vrtne opreme se ukvarjamo od leta 1999. Res smo majhni, a smo konkuren\u010dni z ceno in kvaliteto. Imamo pester izbor vrtnih paviljonov, vrtnih hi\u0161ic, kozolcev<\/p>\n<a class=\"moretag noptoppad\" href=\"https:\/\/vrtna-oprema.si\/?page_id=2\">Read More...<\/a>","protected":false},"author":1,"featured_media":8,"parent":0,"menu_order":0,"comment_status":"closed","ping_status":"open","template":"","meta":{"footnotes":""},"class_list":["post-2","page","type-page","status-publish","has-post-thumbnail","hentry"],"yoast_head":"<!-- This site is optimized with the Yoast SEO plugin v27.4 - https:\/\/yoast.com\/product\/yoast-seo-wordpress\/ -->\n<title>PAVILJONI - VRTNA OPREMA<\/title>\n<meta name=\"robots\" content=\"index, follow, max-snippet:-1, max-image-preview:large, max-video-preview:-1\" \/>\n<link rel=\"canonical\" href=\"https:\/\/vrtna-oprema.si\/?page_id=2\" \/>\n<meta property=\"og:locale\" content=\"en_US\" \/>\n<meta property=\"og:type\" content=\"article\" \/>\n<meta property=\"og:title\" content=\"PAVILJONI - VRTNA OPREMA\" \/>\n<meta property=\"og:description\" content=\"O podjetju krt\u21d2\u21d2 Z izdelavo in monta\u017eo vrtne opreme se ukvarjamo od leta 1999. Res smo majhni, a smo konkuren\u010dni z ceno in kvaliteto. Imamo pester izbor vrtnih paviljonov, vrtnih hi\u0161ic, kozolcev\" \/>\n<meta property=\"og:url\" content=\"https:\/\/vrtna-oprema.si\/?page_id=2\" \/>\n<meta property=\"og:site_name\" content=\"VRTNA OPREMA\" \/>\n<meta property=\"article:publisher\" content=\"https:\/\/www.facebook.com\/\" \/>\n<meta property=\"article:modified_time\" content=\"2021-01-24T18:51:36+00:00\" \/>\n<meta property=\"og:image\" content=\"https:\/\/vrtna-oprema.si\/wp-content\/uploads\/2019\/03\/paviljon-3b.jpg\" \/>\n\t<meta property=\"og:image:width\" content=\"2816\" \/>\n\t<meta property=\"og:image:height\" content=\"2112\" \/>\n\t<meta property=\"og:image:type\" content=\"image\/jpeg\" \/>\n<meta name=\"twitter:card\" content=\"summary_large_image\" \/>\n<meta name=\"twitter:label1\" content=\"Est. reading time\" \/>\n\t<meta name=\"twitter:data1\" content=\"3 minutes\" \/>\n<script type=\"application\/ld+json\" class=\"yoast-schema-graph\">{\"@context\":\"https:\\\/\\\/schema.org\",\"@graph\":[{\"@type\":\"WebPage\",\"@id\":\"https:\\\/\\\/vrtna-oprema.si\\\/?page_id=2\",\"url\":\"https:\\\/\\\/vrtna-oprema.si\\\/?page_id=2\",\"name\":\"PAVILJONI - VRTNA OPREMA\",\"isPartOf\":{\"@id\":\"https:\\\/\\\/vrtna-oprema.si\\\/#website\"},\"primaryImageOfPage\":{\"@id\":\"https:\\\/\\\/vrtna-oprema.si\\\/?page_id=2#primaryimage\"},\"image\":{\"@id\":\"https:\\\/\\\/vrtna-oprema.si\\\/?page_id=2#primaryimage\"},\"thumbnailUrl\":\"https:\\\/\\\/vrtna-oprema.si\\\/wp-content\\\/uploads\\\/2019\\\/03\\\/paviljon-3b.jpg\",\"datePublished\":\"2019-03-10T13:34:34+00:00\",\"dateModified\":\"2021-01-24T18:51:36+00:00\",\"breadcrumb\":{\"@id\":\"https:\\\/\\\/vrtna-oprema.si\\\/?page_id=2#breadcrumb\"},\"inLanguage\":\"en-US\",\"potentialAction\":[{\"@type\":\"ReadAction\",\"target\":[\"https:\\\/\\\/vrtna-oprema.si\\\/?page_id=2\"]}]},{\"@type\":\"ImageObject\",\"inLanguage\":\"en-US\",\"@id\":\"https:\\\/\\\/vrtna-oprema.si\\\/?page_id=2#primaryimage\",\"url\":\"https:\\\/\\\/vrtna-oprema.si\\\/wp-content\\\/uploads\\\/2019\\\/03\\\/paviljon-3b.jpg\",\"contentUrl\":\"https:\\\/\\\/vrtna-oprema.si\\\/wp-content\\\/uploads\\\/2019\\\/03\\\/paviljon-3b.jpg\",\"width\":2816,\"height\":2112},{\"@type\":\"BreadcrumbList\",\"@id\":\"https:\\\/\\\/vrtna-oprema.si\\\/?page_id=2#breadcrumb\",\"itemListElement\":[{\"@type\":\"ListItem\",\"position\":1,\"name\":\"Home\",\"item\":\"https:\\\/\\\/vrtna-oprema.si\\\/\"},{\"@type\":\"ListItem\",\"position\":2,\"name\":\"PAVILJONI\"}]},{\"@type\":\"WebSite\",\"@id\":\"https:\\\/\\\/vrtna-oprema.si\\\/#website\",\"url\":\"https:\\\/\\\/vrtna-oprema.si\\\/\",\"name\":\"VRTNA OPREMA\",\"description\":\"VRTNA OPREMA\",\"publisher\":{\"@id\":\"https:\\\/\\\/vrtna-oprema.si\\\/#organization\"},\"potentialAction\":[{\"@type\":\"SearchAction\",\"target\":{\"@type\":\"EntryPoint\",\"urlTemplate\":\"https:\\\/\\\/vrtna-oprema.si\\\/?s={search_term_string}\"},\"query-input\":{\"@type\":\"PropertyValueSpecification\",\"valueRequired\":true,\"valueName\":\"search_term_string\"}}],\"inLanguage\":\"en-US\"},{\"@type\":\"Organization\",\"@id\":\"https:\\\/\\\/vrtna-oprema.si\\\/#organization\",\"name\":\"Bojan Krt - nosilec dopolnilne dejavnosti na kmetiji\",\"url\":\"https:\\\/\\\/vrtna-oprema.si\\\/\",\"logo\":{\"@type\":\"ImageObject\",\"inLanguage\":\"en-US\",\"@id\":\"https:\\\/\\\/vrtna-oprema.si\\\/#\\\/schema\\\/logo\\\/image\\\/\",\"url\":\"https:\\\/\\\/vrtna-oprema.si\\\/wp-content\\\/uploads\\\/2019\\\/03\\\/otro\u0161ke-hi\u0161ice.jpg\",\"contentUrl\":\"https:\\\/\\\/vrtna-oprema.si\\\/wp-content\\\/uploads\\\/2019\\\/03\\\/otro\u0161ke-hi\u0161ice.jpg\",\"width\":324,\"height\":576,\"caption\":\"Bojan Krt - nosilec dopolnilne dejavnosti na kmetiji\"},\"image\":{\"@id\":\"https:\\\/\\\/vrtna-oprema.si\\\/#\\\/schema\\\/logo\\\/image\\\/\"},\"sameAs\":[\"https:\\\/\\\/www.facebook.com\\\/\",\"https:\\\/\\\/www.instagram.com\\\/\",\"https:\\\/\\\/www.linkedin.com\\\/\",\"https:\\\/\\\/www.myspace.com\\\/\",\"https:\\\/\\\/www.pinterest.com\\\/\",\"https:\\\/\\\/www.youtube.com\\\/\"]}]}<\/script>\n<!-- \/ Yoast SEO plugin. -->","yoast_head_json":{"title":"PAVILJONI - VRTNA OPREMA","robots":{"index":"index","follow":"follow","max-snippet":"max-snippet:-1","max-image-preview":"max-image-preview:large","max-video-preview":"max-video-preview:-1"},"canonical":"https:\/\/vrtna-oprema.si\/?page_id=2","og_locale":"en_US","og_type":"article","og_title":"PAVILJONI - VRTNA OPREMA","og_description":"O podjetju krt\u21d2\u21d2 Z izdelavo in monta\u017eo vrtne opreme se ukvarjamo od leta 1999. Res smo majhni, a smo konkuren\u010dni z ceno in kvaliteto. Imamo pester izbor vrtnih paviljonov, vrtnih hi\u0161ic, kozolcev","og_url":"https:\/\/vrtna-oprema.si\/?page_id=2","og_site_name":"VRTNA OPREMA","article_publisher":"https:\/\/www.facebook.com\/","article_modified_time":"2021-01-24T18:51:36+00:00","og_image":[{"width":2816,"height":2112,"url":"https:\/\/vrtna-oprema.si\/wp-content\/uploads\/2019\/03\/paviljon-3b.jpg","type":"image\/jpeg"}],"twitter_card":"summary_large_image","twitter_misc":{"Est. reading time":"3 minutes"},"schema":{"@context":"https:\/\/schema.org","@graph":[{"@type":"WebPage","@id":"https:\/\/vrtna-oprema.si\/?page_id=2","url":"https:\/\/vrtna-oprema.si\/?page_id=2","name":"PAVILJONI - VRTNA OPREMA","isPartOf":{"@id":"https:\/\/vrtna-oprema.si\/#website"},"primaryImageOfPage":{"@id":"https:\/\/vrtna-oprema.si\/?page_id=2#primaryimage"},"image":{"@id":"https:\/\/vrtna-oprema.si\/?page_id=2#primaryimage"},"thumbnailUrl":"https:\/\/vrtna-oprema.si\/wp-content\/uploads\/2019\/03\/paviljon-3b.jpg","datePublished":"2019-03-10T13:34:34+00:00","dateModified":"2021-01-24T18:51:36+00:00","breadcrumb":{"@id":"https:\/\/vrtna-oprema.si\/?page_id=2#breadcrumb"},"inLanguage":"en-US","potentialAction":[{"@type":"ReadAction","target":["https:\/\/vrtna-oprema.si\/?page_id=2"]}]},{"@type":"ImageObject","inLanguage":"en-US","@id":"https:\/\/vrtna-oprema.si\/?page_id=2#primaryimage","url":"https:\/\/vrtna-oprema.si\/wp-content\/uploads\/2019\/03\/paviljon-3b.jpg","contentUrl":"https:\/\/vrtna-oprema.si\/wp-content\/uploads\/2019\/03\/paviljon-3b.jpg","width":2816,"height":2112},{"@type":"BreadcrumbList","@id":"https:\/\/vrtna-oprema.si\/?page_id=2#breadcrumb","itemListElement":[{"@type":"ListItem","position":1,"name":"Home","item":"https:\/\/vrtna-oprema.si\/"},{"@type":"ListItem","position":2,"name":"PAVILJONI"}]},{"@type":"WebSite","@id":"https:\/\/vrtna-oprema.si\/#website","url":"https:\/\/vrtna-oprema.si\/","name":"VRTNA OPREMA","description":"VRTNA OPREMA","publisher":{"@id":"https:\/\/vrtna-oprema.si\/#organization"},"potentialAction":[{"@type":"SearchAction","target":{"@type":"EntryPoint","urlTemplate":"https:\/\/vrtna-oprema.si\/?s={search_term_string}"},"query-input":{"@type":"PropertyValueSpecification","valueRequired":true,"valueName":"search_term_string"}}],"inLanguage":"en-US"},{"@type":"Organization","@id":"https:\/\/vrtna-oprema.si\/#organization","name":"Bojan Krt - nosilec dopolnilne dejavnosti na kmetiji","url":"https:\/\/vrtna-oprema.si\/","logo":{"@type":"ImageObject","inLanguage":"en-US","@id":"https:\/\/vrtna-oprema.si\/#\/schema\/logo\/image\/","url":"https:\/\/vrtna-oprema.si\/wp-content\/uploads\/2019\/03\/otro\u0161ke-hi\u0161ice.jpg","contentUrl":"https:\/\/vrtna-oprema.si\/wp-content\/uploads\/2019\/03\/otro\u0161ke-hi\u0161ice.jpg","width":324,"height":576,"caption":"Bojan Krt - nosilec dopolnilne dejavnosti na kmetiji"},"image":{"@id":"https:\/\/vrtna-oprema.si\/#\/schema\/logo\/image\/"},"sameAs":["https:\/\/www.facebook.com\/","https:\/\/www.instagram.com\/","https:\/\/www.linkedin.com\/","https:\/\/www.myspace.com\/","https:\/\/www.pinterest.com\/","https:\/\/www.youtube.com\/"]}]}},"_links":{"self":[{"href":"https:\/\/vrtna-oprema.si\/index.php?rest_route=\/wp\/v2\/pages\/2","targetHints":{"allow":["GET"]}}],"collection":[{"href":"https:\/\/vrtna-oprema.si\/index.php?rest_route=\/wp\/v2\/pages"}],"about":[{"href":"https:\/\/vrtna-oprema.si\/index.php?rest_route=\/wp\/v2\/types\/page"}],"author":[{"embeddable":true,"href":"https:\/\/vrtna-oprema.si\/index.php?rest_route=\/wp\/v2\/users\/1"}],"replies":[{"embeddable":true,"href":"https:\/\/vrtna-oprema.si\/index.php?rest_route=%2Fwp%2Fv2%2Fcomments&post=2"}],"version-history":[{"count":2,"href":"https:\/\/vrtna-oprema.si\/index.php?rest_route=\/wp\/v2\/pages\/2\/revisions"}],"predecessor-version":[{"id":123,"href":"https:\/\/vrtna-oprema.si\/index.php?rest_route=\/wp\/v2\/pages\/2\/revisions\/123"}],"wp:featuredmedia":[{"embeddable":true,"href":"https:\/\/vrtna-oprema.si\/index.php?rest_route=\/wp\/v2\/media\/8"}],"wp:attachment":[{"href":"https:\/\/vrtna-oprema.si\/index.php?rest_route=%2Fwp%2Fv2%2Fmedia&parent=2"}],"curies":[{"name":"wp","href":"https:\/\/api.w.org\/{rel}","templated":true}]}}